{"id":107,"date":"2023-11-07T15:51:30","date_gmt":"2023-11-07T14:51:30","guid":{"rendered":"https:\/\/fontagusta.eu\/?page_id=107"},"modified":"2024-06-07T20:21:33","modified_gmt":"2024-06-07T18:21:33","slug":"ueber-uns","status":"publish","type":"page","link":"https:\/\/fontagusta.eu\/it\/ueber-uns\/","title":{"rendered":"\u00dcber uns"},"content":{"rendered":"\n<h1 class=\"wp-block-heading\">Zwei Quereinsteiger in der Landwirtschaft<\/h1>\n\n\n\n<p>Wir, Franziska &amp; Leo, sind zwei lebenslustige, vielleicht auch ein wenig verr\u00fcckte &#8220;Idealisten&#8221;, die davon \u00fcberzeugt sind, das Landwirtschaft immer noch zukunftsf\u00e4hig ist, wenn man sie neu denkt. Wir lieben die Arbeit mit den Tieren, das Leben in der Natur und den Umgang mit hochwertigen Lebensmitteln. Wir probieren gerne neue Rezepte und Lebensmittel aus und verfeinern sie dann mit unserer Erfahrung zu unseren ganz eigenen Produkten.<\/p>\n\n\n\n<p>2021 ergab sich die M\u00f6glichkeit, dieses wundersch\u00f6ne Kleinod im Valle Sabbia zu erwerben und unseren Traum von der eigenen Landwirtschaft Wirklichkeit werden zu lassen. Zuvor haben wir 7 Jahre in einem ehemaligen Bergbauernhof auf 1600m \u00fc.M. gewohnt. Hier in Lavenone sind wir immer noch in den Bergen, aber der jetztige Standort ist purer Luxus f\u00fcr uns. Wir genie\u00dfen das milde, gem\u00e4\u00dfigte klima, das uns nicht nur die ganzj\u00e4hrige Freilandhaltung unserer Tiere erm\u00f6glicht, sondern uns auch beim Anbau von Kr\u00e4utern viele M\u00f6glichkeiten bietet.<\/p>\n","protected":false},"excerpt":{"rendered":"<p>Zwei Quereinsteiger in der Landwirtschaft Wir, Franziska &amp; Leo, sind zwei lebenslustige, vielleicht auch ein wenig verr\u00fcckte &#8220;Idealisten&#8221;, die davon \u00fcberzeugt sind, das Landwirtschaft immer noch zukunftsf\u00e4hig ist, wenn man sie neu denkt. Wir lieben die Arbeit mit den Tieren, das Leben in der Natur und den Umgang mit hochwertigen Lebensmitteln. Wir probieren gerne neue Rezepte und Lebensmittel aus und<\/p>\n<p><a class=\"more-link\" href=\"https:\/\/fontagusta.eu\/it\/ueber-uns\/\">Read More<\/a><\/p>\n","protected":false},"author":1,"featured_media":0,"parent":0,"menu_order":0,"comment_status":"closed","ping_status":"closed","template":"","meta":{"footnotes":""},"class_list":["post-107","page","type-page","status-publish","hentry"],"translation":{"provider":"WPGlobus","version":"3.0.0","language":"it","enabled_languages":["de","en","it"],"languages":{"de":{"title":true,"content":true,"excerpt":false},"en":{"title":false,"content":false,"excerpt":false},"it":{"title":false,"content":false,"excerpt":false}}},"aioseo_notices":[],"_links":{"self":[{"href":"https:\/\/fontagusta.eu\/it\/wp-json\/wp\/v2\/pages\/107","targetHints":{"allow":["GET"]}}],"collection":[{"href":"https:\/\/fontagusta.eu\/it\/wp-json\/wp\/v2\/pages"}],"about":[{"href":"https:\/\/fontagusta.eu\/it\/wp-json\/wp\/v2\/types\/page"}],"author":[{"embeddable":true,"href":"https:\/\/fontagusta.eu\/it\/wp-json\/wp\/v2\/users\/1"}],"replies":[{"embeddable":true,"href":"https:\/\/fontagusta.eu\/it\/wp-json\/wp\/v2\/comments?post=107"}],"version-history":[{"count":2,"href":"https:\/\/fontagusta.eu\/it\/wp-json\/wp\/v2\/pages\/107\/revisions"}],"predecessor-version":[{"id":142,"href":"https:\/\/fontagusta.eu\/it\/wp-json\/wp\/v2\/pages\/107\/revisions\/142"}],"wp:attachment":[{"href":"https:\/\/fontagusta.eu\/it\/wp-json\/wp\/v2\/media?parent=107"}],"curies":[{"name":"wp","href":"https:\/\/api.w.org\/{rel}","templated":true}]}}