{"id":91,"date":"2023-11-07T14:38:22","date_gmt":"2023-11-07T13:38:22","guid":{"rendered":"https:\/\/fontagusta.eu\/?page_id=91"},"modified":"2024-06-07T20:05:31","modified_gmt":"2024-06-07T18:05:31","slug":"home","status":"publish","type":"page","link":"https:\/\/fontagusta.eu\/en\/","title":{"rendered":"Home"},"content":{"rendered":"\n\n\n<h1 class=\"wp-block-heading has-text-align-center\">Herzlich Willkommen bei FontaGusta<\/h1>\n\n\n\n<p class=\"has-text-align-center\">Hier d\u00fcrfen Tiere noch Tiere sein und auch beim Anbau unserer Kr\u00e4uter legen wir sehr viel Augenmerk auf die Nat\u00fcrlichkeit. Auf den folgenden Seiten bekommt Ihr einen Einblick, wie unsere Art der Tierhaltung aussieht und was uns bei der Bestellung des Bodens wichtig ist. In unserem Blog berichten wir Euch von unseren Erfahrungen und Erlebnissen, die mit unserer Unternehmung zusammenh\u00e4ngen.<\/p>\n\n\n\n<p class=\"has-text-align-center\">Inmitten von Kastanienw\u00e4ldern im wundersch\u00f6nen Valle Sabbia geh\u00f6ren wir zu der kleinen Gruppe von Bergbauern. Durch den nahegelegenen Idrosee und die s\u00fcd\u00f6stliche Ausrichtung unseres Gel\u00e4ndes, finden wir hier das passende Klima sowohl f\u00fcr die ganzj\u00e4hrige Freilandhaltung als auch f\u00fcr den Kr\u00e4uteranbau.<\/p>\n\n\n\n<p class=\"has-text-align-center\">Ihr ben\u00f6tigt eine Pause vom Alltag? Dann schaut doch mal bei <a href=\"https:\/\/www.casa.fontagusta.eu\" target=\"_blank\" rel=\"noopener\" title=\"\">Casa FontaGusta<\/a> vorbei. In unseren gem\u00fctlichen Apartments und dank der reinen Berg- und Waldluft, lassen sich die eigenen Energieresereven wieder ruckzuck aufladen.<\/p>\n\n\n\n<p class=\"has-text-align-center\">In K\u00fcrze werdet Ihr hier auch unser Produktsortiment durchst\u00f6bern k\u00f6nnen. Alle Produkte werden von uns mit viel Liebe und gro\u00dfer Wertsch\u00e4tzung f\u00fcr das Ausgangsprodukt geschaffen.<\/p>\n\n\n\n<p class=\"has-text-align-center\">Viel Spa\u00df beim Durchst\u00f6bern w\u00fcnscht das Team von<br>FontaGusta<\/p>\n\n\n\n<div class=\"wp-block-group is-content-justification-space-between is-nowrap is-layout-flex wp-container-core-group-is-layout-0dfbf163 wp-block-group-is-layout-flex\">\n\n\n\n\n\n<\/div>\n\n\n\n<div class=\"wp-block-group is-content-justification-space-between is-nowrap is-layout-flex wp-container-core-group-is-layout-0dfbf163 wp-block-group-is-layout-flex\">\n\n\n\n\n\n<\/div>\n\n\n\n<p><\/p>\n\n\n\n<p><\/p>\n","protected":false},"excerpt":{"rendered":"<p>Herzlich Willkommen bei FontaGusta Hier d\u00fcrfen Tiere noch Tiere sein und auch beim Anbau unserer Kr\u00e4uter legen wir sehr viel Augenmerk auf die Nat\u00fcrlichkeit. Auf den folgenden Seiten bekommt Ihr einen Einblick, wie unsere Art der Tierhaltung aussieht und was uns bei der Bestellung des Bodens wichtig ist. In unserem Blog berichten wir Euch von unseren Erfahrungen und Erlebnissen, die<\/p>\n<p><a class=\"more-link\" href=\"https:\/\/fontagusta.eu\/en\/\">Read More<\/a><\/p>\n","protected":false},"author":1,"featured_media":0,"parent":0,"menu_order":0,"comment_status":"closed","ping_status":"closed","template":"","meta":{"footnotes":""},"class_list":["post-91","page","type-page","status-publish","hentry"],"translation":{"provider":"WPGlobus","version":"3.0.0","language":"en","enabled_languages":["de","en","it"],"languages":{"de":{"title":true,"content":true,"excerpt":false},"en":{"title":false,"content":false,"excerpt":false},"it":{"title":false,"content":false,"excerpt":false}}},"aioseo_notices":[],"_links":{"self":[{"href":"https:\/\/fontagusta.eu\/en\/wp-json\/wp\/v2\/pages\/91","targetHints":{"allow":["GET"]}}],"collection":[{"href":"https:\/\/fontagusta.eu\/en\/wp-json\/wp\/v2\/pages"}],"about":[{"href":"https:\/\/fontagusta.eu\/en\/wp-json\/wp\/v2\/types\/page"}],"author":[{"embeddable":true,"href":"https:\/\/fontagusta.eu\/en\/wp-json\/wp\/v2\/users\/1"}],"replies":[{"embeddable":true,"href":"https:\/\/fontagusta.eu\/en\/wp-json\/wp\/v2\/comments?post=91"}],"version-history":[{"count":3,"href":"https:\/\/fontagusta.eu\/en\/wp-json\/wp\/v2\/pages\/91\/revisions"}],"predecessor-version":[{"id":136,"href":"https:\/\/fontagusta.eu\/en\/wp-json\/wp\/v2\/pages\/91\/revisions\/136"}],"wp:attachment":[{"href":"https:\/\/fontagusta.eu\/en\/wp-json\/wp\/v2\/media?parent=91"}],"curies":[{"name":"wp","href":"https:\/\/api.w.org\/{rel}","templated":true}]}}