{"id":103,"date":"2023-11-07T15:20:18","date_gmt":"2023-11-07T14:20:18","guid":{"rendered":"https:\/\/fontagusta.eu\/?page_id=103"},"modified":"2024-06-07T20:07:52","modified_gmt":"2024-06-07T18:07:52","slug":"tiroler-steinschaf","status":"publish","type":"page","link":"https:\/\/fontagusta.eu\/en\/tiroler-steinschaf\/","title":{"rendered":"Tiroler Steinschaf"},"content":{"rendered":"\n<h1 class=\"wp-block-heading\">Tiroler Steinschaf<\/h1>\n\n\n\n<p>Im November 2022 haben wir unsere ersten Zuchttiere auf unserem Hof willkommen hei\u00dfen d\u00fcrfen. 12 Schafe und 1 Widder haben die Reise aus dem Zillertal bis ins Valle Sabbia gut \u00fcberstanden. Vielen Dank auch an Franz vom Verband Arche Austria f\u00fcr die gute Abwicklung und Auswahl der Zuchttiere. Die anf\u00e4ngliche Scheu der Tiere uns gegen\u00fcber haben wir mit viel Geduld in den folgenden Wochen in Zutraulichkeit und Hochgenuss f\u00fcr Streicheleinheiten umwandeln k\u00f6nnen. Heute genie\u00dfen es alle, wenn wir Zeit f\u00fcr ausgedehnte Kuscheleinheiten haben. Aktuell bev\u00f6lkern 16 Zuchttiere unsere Weiden und bekommen ca. 1-2 Mal im Jahr Nachwuchs.<\/p>\n\n\n\n<p>Wir haben uns f\u00fcr die Rasse &#8220;Tiroler Steinschaf&#8221; entschieden, da sie verschiedene gute Eigenschaften mit sich bringt und uns auch durch ihr Aussehen f\u00fcr uns eingenommen hat. Das Tiroler Steinschaf geh\u00f6rt zu den bedrohten Tierarten im Alpenraum. Es zeichnet sich aus durch gute Muttereigenschaften, eine gute Gewichtszunahme (ohne jedoch zu verfetten), eine sehr gute Trittsicherheit in unwegsamen Gel\u00e4nde und einen guten Wollertrag. Die Rasse geh\u00f6rt zu den sogenannten Mehrnutzungsrassen. Das hei\u00dft, sie eignet sich sowohl als Fleischproduzent als auch als Milchlieferant und die Wolle kann ebenfalls verwendet werden. Im Zillertal wird die Wolle des Tiroler Steinschafs auch heute noch f\u00fcr traditionelle Kleidungsst\u00fccke verwendet.<\/p>\n\n\n\n<p>Eine Besonderheit dieser Rasse ist der Farbschlag: Die L\u00e4mmer kommen \u00fcberwiegend schwarz auf die Welt. Jedoch mit jeder Schur f\u00e4rbt sich die Wolle in hellere Graut\u00f6ne um. So dass der Farbschlag von schwarz \u00fcber alle m\u00f6glichen Graut\u00f6ne bis zu wei\u00df reicht. Nach jeder Schur m\u00fcssen wir unsere Schafe vom Aussehen her wieder neu kennenlernen, da es immer mit einer \u00dcberraschung verbunden ist, wie sich die Fellf\u00e4rbung ver\u00e4ndert hat.<\/p>\n\n\n\n<p>F\u00fcr uns ist es sehr wichtig, eine gute Vertrauensbasis zu jedem Tier aufzubauen, um es jederzeit anfassen und einfangen zu k\u00f6nnen. Da wir keine mobilen St\u00e4nder oder Einfangsrondelle haben, haben wir sie nicht nur an unsere Anwesenheit sondern auch an das Tragen eines Halfters sowie das Laufen am Strick gew\u00f6hnt. So k\u00f6nnen wir stressfrei mit unseren Tieren in allt\u00e4glichen Situationen, wie der Klauenpflege oder der Schur, aber auch in wichtigen Situationen, wie zum Beispiel bei Verletzungen, umgehen.<\/p>\n","protected":false},"excerpt":{"rendered":"<p>Tiroler Steinschaf Im November 2022 haben wir unsere ersten Zuchttiere auf unserem Hof willkommen hei\u00dfen d\u00fcrfen. 12 Schafe und 1 Widder haben die Reise aus dem Zillertal bis ins Valle Sabbia gut \u00fcberstanden. Vielen Dank auch an Franz vom Verband Arche Austria f\u00fcr die gute Abwicklung und Auswahl der Zuchttiere. Die anf\u00e4ngliche Scheu der Tiere uns gegen\u00fcber haben wir mit<\/p>\n<p><a class=\"more-link\" href=\"https:\/\/fontagusta.eu\/en\/tiroler-steinschaf\/\">Read More<\/a><\/p>\n","protected":false},"author":1,"featured_media":0,"parent":0,"menu_order":0,"comment_status":"closed","ping_status":"closed","template":"","meta":{"footnotes":""},"class_list":["post-103","page","type-page","status-publish","hentry"],"translation":{"provider":"WPGlobus","version":"3.0.0","language":"en","enabled_languages":["de","en","it"],"languages":{"de":{"title":true,"content":true,"excerpt":false},"en":{"title":false,"content":false,"excerpt":false},"it":{"title":false,"content":false,"excerpt":false}}},"aioseo_notices":[],"_links":{"self":[{"href":"https:\/\/fontagusta.eu\/en\/wp-json\/wp\/v2\/pages\/103","targetHints":{"allow":["GET"]}}],"collection":[{"href":"https:\/\/fontagusta.eu\/en\/wp-json\/wp\/v2\/pages"}],"about":[{"href":"https:\/\/fontagusta.eu\/en\/wp-json\/wp\/v2\/types\/page"}],"author":[{"embeddable":true,"href":"https:\/\/fontagusta.eu\/en\/wp-json\/wp\/v2\/users\/1"}],"replies":[{"embeddable":true,"href":"https:\/\/fontagusta.eu\/en\/wp-json\/wp\/v2\/comments?post=103"}],"version-history":[{"count":2,"href":"https:\/\/fontagusta.eu\/en\/wp-json\/wp\/v2\/pages\/103\/revisions"}],"predecessor-version":[{"id":139,"href":"https:\/\/fontagusta.eu\/en\/wp-json\/wp\/v2\/pages\/103\/revisions\/139"}],"wp:attachment":[{"href":"https:\/\/fontagusta.eu\/en\/wp-json\/wp\/v2\/media?parent=103"}],"curies":[{"name":"wp","href":"https:\/\/api.w.org\/{rel}","templated":true}]}}