{"id":100,"date":"2023-11-07T15:01:20","date_gmt":"2023-11-07T14:01:20","guid":{"rendered":"https:\/\/fontagusta.eu\/?page_id=100"},"modified":"2024-06-07T20:09:27","modified_gmt":"2024-06-07T18:09:27","slug":"tiere","status":"publish","type":"page","link":"https:\/\/fontagusta.eu\/en\/tiere\/","title":{"rendered":"Tiere"},"content":{"rendered":"\n<h1 class=\"wp-block-heading\">Exquisite Fleischqualit\u00e4t durch artgerechte und tierwohlgerechte Haltung<\/h1>\n\n\n\n<p>F\u00fcr uns bedeutet dies eine ganzj\u00e4hrige Freilandhaltung, bei der nur minimal zugef\u00fcttert wird, um die ganzheitliche Ern\u00e4hrung der Tiere zu gew\u00e4hrleisten. Unsere Weiden bestehen aus bunten Wiesen, die durchmischt sind mit verschiedenen Gr\u00e4sern und Wildkr\u00e4utern, sowie aus Kastanienw\u00e4ldern, die unter anderem von dichten, wilden Brombeerstr\u00e4uchern durchzogen sind. Das milde Klima in den Brescianer Voralpen erm\u00f6glicht eine lange Wachstumsperiode der Wiesen und beg\u00fcnstigt so die ganzj\u00e4hrige Freilandhaltung.<\/p>\n\n\n\n<h1 class=\"wp-block-heading\">Wir setzen auf alte Rassen<\/h1>\n\n\n\n<p>Alte Rassen haben viele Vorteile bei der Fleischqualit\u00e4t. Die Z\u00fcchtungsziele lagen und liegen bei der Tiergesundheit und Nat\u00fcrlichkeit der Tiere. Damit verbunden sind ein leichterer und agilerer K\u00f6rperbau f\u00fcr eine bessere Beweglichkeit und die Robustheit des Immunsystems. Das langsamere Wachstum sowie die Bildung von intramuskul\u00e4rem Fett l\u00e4sst zudem das Fleisch besonders schmackhaft werden.<\/p>\n\n\n\n<h1 class=\"wp-block-heading\">Tiroler Steinschafe und Mora Romagnola<\/h1>\n\n\n\n<p>Unser Hauptaugenmerk liegt auf der Haltung von Schweinen. Die Schafe dienen uns unter anderem als lebendige Rasenm\u00e4her und unterst\u00fctzen ansonsten die Fleischproduktion. Bis wir mit den Schweinen beginnen k\u00f6nnen &#8211; es m\u00fcssen noch einige b\u00fcrokratische H\u00fcrden \u00fcberwunden werden &#8211; hat unsere Schafherde eine gr\u00f6\u00dfere Anzahl an Zuchttieren und genie\u00dft die Weiden erst mal f\u00fcr sich allein.<\/p>\n\n\n\n<p>Wir verkaufen keine lebenden Tiere, stellen aber gern Kontakte zu Z\u00fcchtern her. Bei Interesse oder falls Ihr genauere Infos zu unseren Tieren erhalten m\u00f6chtet, nehmt gerne Kontakt mit uns auf.<\/p>\n\n\n\n<div class=\"wp-block-columns is-layout-flex wp-container-core-columns-is-layout-9d6595d7 wp-block-columns-is-layout-flex\">\n<div class=\"wp-block-column is-layout-flow wp-block-column-is-layout-flow\">\n<div class=\"wp-block-cover is-light\"><span aria-hidden=\"true\" class=\"wp-block-cover__background has-background-dim\" style=\"background-color:#FFF\"><\/span><div class=\"wp-block-cover__inner-container is-layout-constrained wp-block-cover-is-layout-constrained\">\n<p class=\"has-text-align-center has-large-font-size\"><a href=\"https:\/\/fontagusta.eu\/tiroler-steinschaf\/\" title=\"\">Tiroler Steinschafe<\/a><\/p>\n<\/div><\/div>\n<\/div>\n\n\n\n<div class=\"wp-block-column is-layout-flow wp-block-column-is-layout-flow\">\n<div class=\"wp-block-cover is-light\"><span aria-hidden=\"true\" class=\"wp-block-cover__background has-background-dim\" style=\"background-color:#FFF\"><\/span><div class=\"wp-block-cover__inner-container is-layout-constrained wp-block-cover-is-layout-constrained\">\n<p class=\"has-text-align-center has-large-font-size\">Mora Romagnola<\/p>\n<\/div><\/div>\n<\/div>\n<\/div>\n","protected":false},"excerpt":{"rendered":"<p>Exquisite Fleischqualit\u00e4t durch artgerechte und tierwohlgerechte Haltung F\u00fcr uns bedeutet dies eine ganzj\u00e4hrige Freilandhaltung, bei der nur minimal zugef\u00fcttert wird, um die ganzheitliche Ern\u00e4hrung der Tiere zu gew\u00e4hrleisten. Unsere Weiden bestehen aus bunten Wiesen, die durchmischt sind mit verschiedenen Gr\u00e4sern und Wildkr\u00e4utern, sowie aus Kastanienw\u00e4ldern, die unter anderem von dichten, wilden Brombeerstr\u00e4uchern durchzogen sind. Das milde Klima in den Brescianer<\/p>\n<p><a class=\"more-link\" href=\"https:\/\/fontagusta.eu\/en\/tiere\/\">Read More<\/a><\/p>\n","protected":false},"author":1,"featured_media":0,"parent":0,"menu_order":0,"comment_status":"closed","ping_status":"closed","template":"","meta":{"footnotes":""},"class_list":["post-100","page","type-page","status-publish","hentry"],"translation":{"provider":"WPGlobus","version":"3.0.0","language":"en","enabled_languages":["de","en","it"],"languages":{"de":{"title":true,"content":true,"excerpt":false},"en":{"title":false,"content":false,"excerpt":false},"it":{"title":false,"content":false,"excerpt":false}}},"aioseo_notices":[],"_links":{"self":[{"href":"https:\/\/fontagusta.eu\/en\/wp-json\/wp\/v2\/pages\/100","targetHints":{"allow":["GET"]}}],"collection":[{"href":"https:\/\/fontagusta.eu\/en\/wp-json\/wp\/v2\/pages"}],"about":[{"href":"https:\/\/fontagusta.eu\/en\/wp-json\/wp\/v2\/types\/page"}],"author":[{"embeddable":true,"href":"https:\/\/fontagusta.eu\/en\/wp-json\/wp\/v2\/users\/1"}],"replies":[{"embeddable":true,"href":"https:\/\/fontagusta.eu\/en\/wp-json\/wp\/v2\/comments?post=100"}],"version-history":[{"count":3,"href":"https:\/\/fontagusta.eu\/en\/wp-json\/wp\/v2\/pages\/100\/revisions"}],"predecessor-version":[{"id":140,"href":"https:\/\/fontagusta.eu\/en\/wp-json\/wp\/v2\/pages\/100\/revisions\/140"}],"wp:attachment":[{"href":"https:\/\/fontagusta.eu\/en\/wp-json\/wp\/v2\/media?parent=100"}],"curies":[{"name":"wp","href":"https:\/\/api.w.org\/{rel}","templated":true}]}}